{"id":255618,"date":"2024-10-24T17:54:41","date_gmt":"2024-10-24T23:54:41","guid":{"rendered":"https:\/\/viewmexicocity.com\/viajar-a-mexico-city\/train\/"},"modified":"2026-02-02T17:53:14","modified_gmt":"2026-02-02T23:53:14","slug":"tren","status":"publish","type":"page","link":"https:\/\/viewmexicocity.com\/es\/viajar-a-mexico-city\/tren\/","title":{"rendered":"Viajar a Mexico City en tren"},"content":{"rendered":"<p>[et_pb_section fb_built=\u00bb1&#8243; admin_label=\u00bbHero\u00bb _builder_version=\u00bb4.27.4&#8243; _module_preset=\u00bbdefault\u00bb background_color=\u00bbrgba(0,0,0,0.2)\u00bb background_image=\u00bbhttps:\/\/viewmexicocity.com\/wp-content\/uploads\/2026\/02\/1920X800-1.jpg\u00bb background_blend=\u00bboverlay\u00bb background_last_edited=\u00bbon|phone\u00bb background_image_phone=\u00bbhttps:\/\/viewmexicocity.com\/wp-content\/uploads\/2026\/02\/800X800.jpg\u00bb background_enable_image_phone=\u00bbon\u00bb global_colors_info=\u00bb{}\u00bb][et_pb_row custom_padding_last_edited=\u00bbon|desktop\u00bb _builder_version=\u00bb4.27.2&#8243; _module_preset=\u00bbdefault\u00bb custom_padding=\u00bb100px||100px||true|false\u00bb custom_padding_tablet=\u00bb50px||50px||false|false\u00bb custom_padding_phone=\u00bb40px||40px||false|false\u00bb global_colors_info=\u00bb{}\u00bb][et_pb_column type=\u00bb4_4&#8243; _builder_version=\u00bb4.27.2&#8243; _module_preset=\u00bbdefault\u00bb global_colors_info=\u00bb{}\u00bb][et_pb_text admin_label=\u00bbTitles\u00bb module_class=\u00bbhero\u00bb _builder_version=\u00bb4.27.4&#8243; _module_preset=\u00bbdefault\u00bb header_font=\u00bb|700|||||||\u00bb header_font_size=\u00bb64px\u00bb header_line_height=\u00bb1.1em\u00bb header_3_font=\u00bb|300||on|||||\u00bb header_3_font_size=\u00bb28px\u00bb header_3_letter_spacing=\u00bb2px\u00bb header_3_line_height=\u00bb1.2em\u00bb text_orientation=\u00bbcenter\u00bb background_layout=\u00bbdark\u00bb header_font_size_tablet=\u00bb54px\u00bb header_font_size_phone=\u00bb48px\u00bb header_font_size_last_edited=\u00bbon|phone\u00bb header_3_font_size_tablet=\u00bb26px\u00bb header_3_font_size_phone=\u00bb24px\u00bb header_3_font_size_last_edited=\u00bbon|phone\u00bb global_colors_info=\u00bb{}\u00bb]<\/p>\n<h1>Viajar a Mexico City en tren<\/h1>\n<p>[\/et_pb_text][\/et_pb_column][\/et_pb_row][\/et_pb_section][et_pb_section fb_built=\u00bb1&#8243; admin_label=\u00bbInformation text\u00bb module_class=\u00bbcategory\u00bb _builder_version=\u00bb4.27.4&#8243; _module_preset=\u00bbdefault\u00bb background_enable_color=\u00bboff\u00bb custom_margin=\u00bb||0px||false|false\u00bb custom_padding=\u00bb||0px||false|false\u00bb locked=\u00bboff\u00bb global_colors_info=\u00bb{}\u00bb][et_pb_row custom_padding_last_edited=\u00bbon|tablet\u00bb _builder_version=\u00bb4.27.4&#8243; _module_preset=\u00bbdefault\u00bb custom_margin=\u00bb24px||||false|false\u00bb custom_padding=\u00bb0px|150px||150px|false|true\u00bb custom_padding_tablet=\u00bb|0px||0px|false|true\u00bb custom_padding_phone=\u00bb|0px||0px|false|true\u00bb global_colors_info=\u00bb{}\u00bb][et_pb_column type=\u00bb4_4&#8243; _builder_version=\u00bb4.27.2&#8243; _module_preset=\u00bbdefault\u00bb global_colors_info=\u00bb{}\u00bb][et_pb_text _builder_version=\u00bb4.27.4&#8243; _module_preset=\u00bbdefault\u00bb global_colors_info=\u00bb{}\u00bb]<\/p>\n<p><span style=\"font-weight: 400;\">Hoy en d\u00eda llegar a la Ciudad de M\u00e9xico en tren desde otras partes del pa\u00eds est\u00e1 cada vez m\u00e1s chido, gracias a los servicios modernos de alta velocidad e interurbanos. La mayor\u00eda de las rutas de larga distancia son operadas por El Insurgente (M\u00e9xico-Toluca), el Tren Maya (en el sureste) y l\u00edneas de Ferromex y Kansas City Southern de M\u00e9xico para pasajeros y carga, con m\u00e1s servicios de pasajeros que van creciendo r\u00e1pido.<\/span><\/p>\n<p><span style=\"font-weight: 400;\">El tren expr\u00e9s principal es El Insurgente, que conecta Toluca con la CDMX en unos 39 minutos. Si viajas desde Quer\u00e9taro o Puebla en rutas interurbanas, el tiempo anda entre 2 y 3 horas dependiendo de la l\u00ednea. Usa los sitios oficiales treninsurgente.com.mx o kcsdmx.mx para ver horarios, checar precios, comprar boletos en l\u00ednea y encontrar toda la info importante para tu viaje.<\/span><\/p>\n<p><span style=\"font-weight: 400;\">Si vienes desde Toluca o alrededores, El Insurgente es la opci\u00f3n m\u00e1s r\u00e1pida y c\u00f3moda. M\u00e1s info en <\/span><a href=\"http:\/\/treninsurgente.com.mx\" rel=\"nofollow noopener\" target=\"_blank\"><span style=\"font-weight: 400;\">treninsurgente.com.mx<\/span><\/a><span style=\"font-weight: 400;\">.<\/span><\/p>\n<p>[\/et_pb_text][\/et_pb_column][\/et_pb_row][\/et_pb_section][et_pb_section fb_built=\u00bb1&#8243; admin_label=\u00bbInformation text\u00bb module_class=\u00bbcategory\u00bb _builder_version=\u00bb4.27.4&#8243; _module_preset=\u00bbdefault\u00bb background_enable_color=\u00bboff\u00bb custom_margin=\u00bb0px||||false|false\u00bb custom_padding=\u00bb||||false|false\u00bb locked=\u00bboff\u00bb global_colors_info=\u00bb{}\u00bb][et_pb_row custom_padding_last_edited=\u00bbon|phone\u00bb _builder_version=\u00bb4.27.4&#8243; _module_preset=\u00bbdefault\u00bb custom_margin=\u00bb0px||0px||false|false\u00bb custom_padding=\u00bb0px|150px|0px|150px|false|true\u00bb custom_padding_tablet=\u00bb|0px||0px|false|true\u00bb custom_padding_phone=\u00bb|0px||0px|false|true\u00bb locked=\u00bboff\u00bb global_colors_info=\u00bb{}\u00bb][et_pb_column type=\u00bb4_4&#8243; saved_specialty_column_type=\u00bb2_3&#8243; _builder_version=\u00bb4.22.2&#8243; _module_preset=\u00bbdefault\u00bb global_colors_info=\u00bb{}\u00bb][et_pb_icon font_icon=\u00bb&#xf239;||fa||900&#8243; icon_color=\u00bb#5c8cb2&#8243; icon_width=\u00bb64px\u00bb _builder_version=\u00bb4.27.4&#8243; _module_preset=\u00bbdefault\u00bb custom_margin=\u00bb||0px||false|false\u00bb custom_padding=\u00bb||0px||false|false\u00bb global_colors_info=\u00bb{}\u00bb][\/et_pb_icon][et_pb_text module_class=\u00bbcategory\u00bb _builder_version=\u00bb4.27.4&#8243; _module_preset=\u00bbdefault\u00bb ul_line_height=\u00bb1.5em\u00bb header_2_font=\u00bb|700|||||||\u00bb header_2_text_align=\u00bbcenter\u00bb header_2_font_size=\u00bb36px\u00bb header_2_line_height=\u00bb1.2em\u00bb custom_margin=\u00bb24px||||false|false\u00bb custom_padding=\u00bb0px|50px||50px|false|true\u00bb custom_padding_tablet=\u00bb30px|50px||50px|false|true\u00bb custom_padding_phone=\u00bb30px|50px||50px|false|true\u00bb custom_padding_last_edited=\u00bbon|desktop\u00bb header_2_font_size_tablet=\u00bb32px\u00bb header_2_font_size_phone=\u00bb28px\u00bb header_2_font_size_last_edited=\u00bbon|desktop\u00bb custom_css_free_form=\u00bb.et_pb_text_inner hr {||    width: 10%;||    margin: 20px auto;||}\u00bb locked=\u00bboff\u00bb global_colors_info=\u00bb{}\u00bb]<\/p>\n<h2>Estaci\u00f3n Buenavista<\/h2>\n<p>[\/et_pb_text][et_pb_text admin_label=\u00bbText\u00bb module_class=\u00bbcontent\u00bb _builder_version=\u00bb4.27.4&#8243; _module_preset=\u00bbdefault\u00bb custom_padding=\u00bb||0px||false|false\u00bb global_colors_info=\u00bb{}\u00bb]<\/p>\n<p style=\"text-align: center;\"><span style=\"font-weight: 400;\">(Estaci\u00f3n Principal de Trenes de la Ciudad de M\u00e9xico \u2013 Estaci\u00f3n Buenavista)<\/span><\/p>\n<p><span style=\"font-weight: 400;\">La Estaci\u00f3n Buenavista es la estaci\u00f3n de trenes m\u00e1s grande e importante del pa\u00eds. La entrada principal est\u00e1 sobre Avenida Insurgentes Norte, y desde su modernizaci\u00f3n se ha vuelto el punto natural para quienes llegan o salen de la CDMX en tren.<\/span><\/p>\n<p><span style=\"font-weight: 400;\">Ya sea que viajes en servicio local (como el Tren Suburbano) o en rutas de larga distancia, tu tren sale o llega en Buenavista.<\/span><\/p>\n<p><span style=\"font-weight: 400;\">Justo al lado est\u00e1 la Central de Autobuses del Norte, y el Metrob\u00fas, el Metro (L\u00edneas 1, B y N) y el Tren Suburbano est\u00e1n a unos pasos, as\u00ed que puedes seguir tu viaje sin broncas. Afuera tambi\u00e9n puedes agarrar camiones a Teotihuac\u00e1n, Quer\u00e9taro y un chorro de destinos m\u00e1s.<\/span><\/p>\n<p>[\/et_pb_text][et_pb_text admin_label=\u00bbGeneral text\u00bb module_class=\u00bbcontent pac-dtocm-exclude\u00bb _builder_version=\u00bb4.27.4&#8243; _module_preset=\u00bbdefault\u00bb header_2_font=\u00bb|700|||||||\u00bb header_2_font_size=\u00bb34px\u00bb header_2_line_height=\u00bb1.3em\u00bb custom_margin=\u00bb32px||0px||false|false\u00bb custom_padding=\u00bb0px||0px||false|false\u00bb header_2_font_size_tablet=\u00bb30px\u00bb header_2_font_size_phone=\u00bb26px\u00bb header_2_font_size_last_edited=\u00bbon|phone\u00bb locked=\u00bboff\u00bb global_colors_info=\u00bb{}\u00bb]<\/p>\n<p><strong>\u00bfVas al aeropuerto?<\/strong><\/p>\n<p>[\/et_pb_text][\/et_pb_column][\/et_pb_row][et_pb_row custom_padding_last_edited=\u00bbon|phone\u00bb _builder_version=\u00bb4.27.4&#8243; _module_preset=\u00bbdefault\u00bb custom_padding=\u00bb0px|150px||150px|false|true\u00bb custom_padding_tablet=\u00bb|0px||0px|false|false\u00bb custom_padding_phone=\u00bb|0px||0px|false|false\u00bb locked=\u00bboff\u00bb global_colors_info=\u00bb{}\u00bb][et_pb_column type=\u00bb4_4&#8243; saved_specialty_column_type=\u00bb2_3&#8243; _builder_version=\u00bb4.22.2&#8243; _module_preset=\u00bbdefault\u00bb global_colors_info=\u00bb{}\u00bb][et_pb_text admin_label=\u00bbGeneral text\u00bb module_class=\u00bbcontent pac-dtocm-exclude\u00bb _builder_version=\u00bb4.27.4&#8243; _module_preset=\u00bbdefault\u00bb header_2_font=\u00bb|700|||||||\u00bb header_2_font_size=\u00bb34px\u00bb header_2_line_height=\u00bb1.3em\u00bb custom_margin=\u00bb24px||0px||false|false\u00bb custom_padding=\u00bb0px||0px||false|false\u00bb header_2_font_size_tablet=\u00bb30px\u00bb header_2_font_size_phone=\u00bb26px\u00bb header_2_font_size_last_edited=\u00bbon|phone\u00bb global_colors_info=\u00bb{}\u00bb]<\/p>\n<p><span style=\"font-weight: 400;\">En el AICM puedes rentar carros con las principales compa\u00f1\u00edas: Hertz, Avis, Alamo, Europcar, Sixt y otros. Las oficinas de renta est\u00e1n en la zona designada para rentas de carros en las Terminales 1 y 2.<\/span><\/p>\n<p>[\/et_pb_text][et_pb_text admin_label=\u00bbGeneral text\u00bb module_class=\u00bbcontent pac-dtocm-exclude\u00bb _builder_version=\u00bb4.27.4&#8243; _module_preset=\u00bbdefault\u00bb header_2_font=\u00bb|700|||||||\u00bb header_2_font_size=\u00bb34px\u00bb header_2_line_height=\u00bb1.3em\u00bb custom_margin=\u00bb32px||0px||false|false\u00bb custom_padding=\u00bb0px||0px||false|false\u00bb header_2_font_size_tablet=\u00bb30px\u00bb header_2_font_size_phone=\u00bb26px\u00bb header_2_font_size_last_edited=\u00bbon|phone\u00bb locked=\u00bboff\u00bb global_colors_info=\u00bb{}\u00bb]<\/p>\n<p><b>Todo lo que necesitas<\/b><\/p>\n<p>[\/et_pb_text][et_pb_text admin_label=\u00bbGeneral text\u00bb module_class=\u00bbcontent pac-dtocm-exclude\u00bb _builder_version=\u00bb4.27.4&#8243; _module_preset=\u00bbdefault\u00bb header_2_font=\u00bb|700|||||||\u00bb header_2_font_size=\u00bb34px\u00bb header_2_line_height=\u00bb1.3em\u00bb custom_margin=\u00bb24px||0px||false|false\u00bb custom_padding=\u00bb0px||0px||false|false\u00bb header_2_font_size_tablet=\u00bb30px\u00bb header_2_font_size_phone=\u00bb26px\u00bb header_2_font_size_last_edited=\u00bbon|phone\u00bb global_colors_info=\u00bb{}\u00bb]<\/p>\n<p><span style=\"font-weight: 400;\">Dentro de la estaci\u00f3n encuentras taquillas para trenes, autobuses y Metro, casas de cambio, bancos, cajeros autom\u00e1ticos, lockers, Wi-Fi gratis y otros servicios p\u00fablicos. Tambi\u00e9n hay m\u00e1s de 50 locales, restaurantes y caf\u00e9s, como OXXO, 7-Eleven, Sanborns, McDonald\u2019s, Starbucks, Subway, taquer\u00edas locales y un buen etc\u00e9tera. O sea, en Buenavista encuentras todo lo que puedas necesitar.<\/span><\/p>\n<p>[\/et_pb_text][\/et_pb_column][\/et_pb_row][\/et_pb_section][et_pb_section fb_built=\u00bb1&#8243; admin_label=\u00bbTravel options\u00bb _builder_version=\u00bb4.27.2&#8243; _module_preset=\u00bbdefault\u00bb background_color=\u00bb#f3f3f3&#8243; global_colors_info=\u00bb{}\u00bb][et_pb_row custom_padding_last_edited=\u00bbon|desktop\u00bb _builder_version=\u00bb4.27.2&#8243; _module_preset=\u00bbdefault\u00bb custom_padding=\u00bb0px|250px||250px|false|true\u00bb custom_padding_tablet=\u00bb|0px||0px|false|true\u00bb custom_padding_phone=\u00bb|0px||0px|false|true\u00bb global_colors_info=\u00bb{}\u00bb][et_pb_column type=\u00bb4_4&#8243; _builder_version=\u00bb4.27.2&#8243; _module_preset=\u00bbdefault\u00bb global_colors_info=\u00bb{}\u00bb][et_pb_text admin_label=\u00bbTitle\u00bb module_class=\u00bbcategory\u00bb _builder_version=\u00bb4.27.4&#8243; _module_preset=\u00bbdefault\u00bb header_2_font=\u00bb|700|||||||\u00bb header_2_font_size=\u00bb48px\u00bb header_2_line_height=\u00bb1.2em\u00bb text_orientation=\u00bbcenter\u00bb header_2_font_size_tablet=\u00bb42px\u00bb header_2_font_size_phone=\u00bb36px\u00bb header_2_font_size_last_edited=\u00bbon|phone\u00bb global_colors_info=\u00bb{}\u00bb]<\/p>\n<h2>M\u00e1s informaci\u00f3n sobre viajes a Mexico City<\/h2>\n<hr \/>\n<p>[\/et_pb_text][\/et_pb_column][\/et_pb_row][et_pb_row _builder_version=\u00bb4.27.2&#8243; _module_preset=\u00bbdefault\u00bb custom_padding=\u00bb||0px||false|false\u00bb global_colors_info=\u00bb{}\u00bb][et_pb_column type=\u00bb4_4&#8243; _builder_version=\u00bb4.27.2&#8243; _module_preset=\u00bbdefault\u00bb global_colors_info=\u00bb{}\u00bb][dpdfg_filtergrid custom_query=\u00bbposts_ids\u00bb posts_ids=\u00bb252994,253006,253004,253009&#8243; post_number=\u00bb4&#8243; order=\u00bbASC\u00bb thumbnail_size=\u00bbdfg_full\u00bb show_author=\u00bboff\u00bb show_terms=\u00bbon\u00bb hide_all=\u00bbon\u00bb show_pagination=\u00bboff\u00bb items_width=\u00bb25%\u00bb column_gutter=\u00bb5em\u00bb row_gutter=\u00bb3em\u00bb items_skin=\u00bbdp-dfg-skin-default dp-dfg-skin-itemsinoverlay\u00bb grid_font_size=\u00bb14px\u00bb hover_icon=\u00bb&#x55;||divi||400&#8243; overlay_icon_color=\u00bb#FFFFFF\u00bb hover_overlay_color=\u00bbrgba(0,0,0,0.5)\u00bb bg_filters=\u00bb#d1e7f5&#8243; items_width_tablet=\u00bb40%\u00bb items_width_phone=\u00bb30%\u00bb column_gutter_tablet=\u00bb5em\u00bb column_gutter_phone=\u00bb5em\u00bb column_gutter_last_edited=\u00bbon|desktop\u00bb row_gutter_tablet=\u00bb5em\u00bb row_gutter_phone=\u00bb5em\u00bb row_gutter_last_edited=\u00bbon|phone\u00bb admin_label=\u00bbTravel options\u00bb module_class=\u00bbfeatured\u00bb _builder_version=\u00bb4.27.4&#8243; _module_preset=\u00bbdefault\u00bb dpdfg_entry_title_font=\u00bb|700|||||||\u00bb dpdfg_entry_title_text_align=\u00bbcenter\u00bb dpdfg_entry_title_text_color=\u00bb#FFFFFF\u00bb dpdfg_entry_title_font_size=\u00bb28px\u00bb dpdfg_entry_title_line_height=\u00bb1.3em\u00bb dpdfg_entry_meta_text_color=\u00bb#FFFFFF\u00bb dpdfg_entry_meta_font_size=\u00bb17px\u00bb dpdfg_filters_text_color=\u00bb#333333&#8243; custom_load_more_button=\u00bbon\u00bb load_more_button_text_size=\u00bb20px\u00bb load_more_button_text_color=\u00bb#FFFFFF\u00bb load_more_button_bg_color=\u00bb#000000&#8243; load_more_button_border_width=\u00bb0px\u00bb load_more_button_border_radius=\u00bb100px\u00bb load_more_button_font=\u00bb||||||||\u00bb load_more_button_use_icon=\u00bboff\u00bb load_more_button_alignment=\u00bbcenter\u00bb load_more_button_custom_padding=\u00bb5px|30px||30px|false|true\u00bb module_alignment=\u00bbcenter\u00bb hover_enabled=\u00bb0&#8243; dpdfg_entry_title_font_size_phone=\u00bb28px\u00bb dpdfg_entry_title_font_size_last_edited=\u00bboff|phone\u00bb custom_css_dp-dfg-filters=\u00bbdisplay: none;\u00bb custom_css_entry-header=\u00bbpadding-left: 20px;||padding-right: 20px;\u00bb custom_css_entry-button=\u00bbmargin-top: 30px;\u00bb border_radii=\u00bbon|15px|15px|15px|15px\u00bb border_width_all=\u00bb0px\u00bb global_colors_info=\u00bb{}\u00bb load_more_button_text_color__hover_enabled=\u00bbon|hover\u00bb load_more_button_text_color__hover=\u00bb#333333&#8243; load_more_button_bg_color__hover_enabled=\u00bbon|hover\u00bb load_more_button_bg_color__hover=\u00bb#d1e7f5&#8243; load_more_button_bg_enable_color__hover=\u00bbon\u00bb custom_css_entry-button_last_edited=\u00bbon|desktop\u00bb custom_css_entry-button_phone=\u00bbmargin-top: 10px;\u00bb custom_css_entry-button_tablet=\u00bbmargin-top: 30px;\u00bb dpdfg_entry_title_level=\u00bbh3&#8243; sticky_enabled=\u00bb0&#8243;][\/dpdfg_filtergrid][\/et_pb_column][\/et_pb_row][\/et_pb_section]<\/p>\n","protected":false},"excerpt":{"rendered":"<p>Viajar a Mexico City en trenHoy en d\u00eda llegar a la Ciudad de M\u00e9xico en tren desde otras partes del pa\u00eds est\u00e1 cada vez m\u00e1s chido, gracias a los servicios modernos de alta velocidad e interurbanos. La mayor\u00eda de las rutas de larga distancia son operadas por El Insurgente (M\u00e9xico-Toluca), el Tren Maya (en el [&hellip;]<\/p>\n","protected":false},"author":1,"featured_media":256574,"parent":255597,"menu_order":0,"comment_status":"closed","ping_status":"closed","template":"","meta":{"_acf_changed":false,"_et_pb_use_builder":"on","_et_pb_old_content":"","_et_gb_content_width":"","_lmt_disableupdate":"no","_lmt_disable":"","footnotes":""},"class_list":["post-255618","page","type-page","status-publish","has-post-thumbnail","hentry"],"acf":[],"_links":{"self":[{"href":"https:\/\/viewmexicocity.com\/es\/wp-json\/wp\/v2\/pages\/255618","targetHints":{"allow":["GET"]}}],"collection":[{"href":"https:\/\/viewmexicocity.com\/es\/wp-json\/wp\/v2\/pages"}],"about":[{"href":"https:\/\/viewmexicocity.com\/es\/wp-json\/wp\/v2\/types\/page"}],"author":[{"embeddable":true,"href":"https:\/\/viewmexicocity.com\/es\/wp-json\/wp\/v2\/users\/1"}],"replies":[{"embeddable":true,"href":"https:\/\/viewmexicocity.com\/es\/wp-json\/wp\/v2\/comments?post=255618"}],"version-history":[{"count":3,"href":"https:\/\/viewmexicocity.com\/es\/wp-json\/wp\/v2\/pages\/255618\/revisions"}],"predecessor-version":[{"id":256604,"href":"https:\/\/viewmexicocity.com\/es\/wp-json\/wp\/v2\/pages\/255618\/revisions\/256604"}],"up":[{"embeddable":true,"href":"https:\/\/viewmexicocity.com\/es\/wp-json\/wp\/v2\/pages\/255597"}],"wp:featuredmedia":[{"embeddable":true,"href":"https:\/\/viewmexicocity.com\/es\/wp-json\/wp\/v2\/media\/256574"}],"wp:attachment":[{"href":"https:\/\/viewmexicocity.com\/es\/wp-json\/wp\/v2\/media?parent=255618"}],"curies":[{"name":"wp","href":"https:\/\/api.w.org\/{rel}","templated":true}]}}